{"id":69,"date":"2015-04-12T15:08:09","date_gmt":"2015-04-12T15:08:09","guid":{"rendered":"http:\/\/cbeau-cbon.de\/?page_id=69"},"modified":"2017-02-12T16:43:41","modified_gmt":"2017-02-12T16:43:41","slug":"index-rezepte","status":"publish","type":"page","link":"http:\/\/cbeau-cbon.de\/?page_id=69","title":{"rendered":"Index Rezepte"},"content":{"rendered":"<!-- Widget Shortcode --><style>.rpwe-block ul{\r\nlist-style: none !important;\r\nmargin-left: 0 !important;\r\npadding-left: 0 !important;\r\n}\r\n\r\n.rpwe-block li{\r\nborder-bottom: 1px solid #eee;\r\nmargin-bottom: 10px;\r\npadding-bottom: 10px;\r\nlist-style-type: none;\r\n}\r\n\r\n.rpwe-block a{\r\ndisplay: inline !important;\r\ntext-decoration: none;\r\n}\r\n\r\n.rpwe-block h3{\r\nbackground: none !important;\r\nclear: none;\r\nmargin-bottom: 0 !important;\r\nmargin-top: 0 !important;\r\nfont-weight: 400;\r\nfont-size: 1.5em !important;\r\nline-height: 1.5em;\r\n}\r\n\r\n.rpwe-thumb{\r\nborder: 1px solid #eee !important;\r\nbox-shadow: none !important;\r\nmargin: 2px 10px 2px 0;\r\npadding: 3px !important;\r\n}\r\n\r\n.rpwe-summary{\r\nfont-size: 1.2rem;\r\n}\r\n\r\n.rpwe-time{\r\ncolor: #bbb;\r\nfont-size: 11px;\r\n}\r\n\r\n.rpwe-comment{\r\ncolor: #bbb;\r\nfont-size: 11px;\r\npadding-left: 5px;\r\n}\r\n\r\n.rpwe-alignleft{\r\ndisplay: inline;\r\nfloat: left;\r\n}\r\n\r\n.rpwe-alignright{\r\ndisplay: inline;\r\nfloat: right;\r\n}\r\n\r\n.rpwe-aligncenter{\r\ndisplay: block;\r\nmargin-left: auto;\r\nmargin-right: auto;\r\n}\r\n\r\n.rpwe-clearfix:before,\r\n.rpwe-clearfix:after{\r\ncontent: \"\";\r\ndisplay: table !important;\r\n}\r\n\r\n.rpwe-clearfix:after{\r\nclear: both;\r\n}\r\n\r\n.rpwe-clearfix{\r\nzoom: 1;\r\n}\r\n<\/style><div id=\"rpwe_widget-3\" class=\"widget rpwe_widget recent-posts-extended widget-shortcode area-arbitrary \"><div  class=\"rpwe-block \"><ul class=\"rpwe-ul\"><li class=\"rpwe-li rpwe-clearfix\"><a class=\"rpwe-img\" href=\"http:\/\/cbeau-cbon.de\/?p=735\"  rel=\"bookmark\"><img class=\"rpwe-alignleft rpwe-thumb\" src=\"http:\/\/cbeau-cbon.de\/wp-content\/uploads\/2017\/02\/Apfelgelee-1-von-1-150x150.jpg\" alt=\"Apfelgelee\"><\/a><h3 class=\"rpwe-title\"><a href=\"http:\/\/cbeau-cbon.de\/?p=735\" title=\"Permalink to Apfelgelee\" rel=\"bookmark\">Apfelgelee<\/a><\/h3><div class=\"rpwe-summary\">Einfach so&#8230;einfach weil es lecker ist. Au\u00dferdem kann man das &hellip;<\/div><\/li><li class=\"rpwe-li rpwe-clearfix\"><a class=\"rpwe-img\" href=\"http:\/\/cbeau-cbon.de\/?p=662\"  rel=\"bookmark\"><img class=\"rpwe-alignleft rpwe-thumb\" src=\"http:\/\/cbeau-cbon.de\/wp-content\/uploads\/2017\/01\/Blaetterteig-1-von-1-150x150.jpg\" alt=\"Bl\u00e4tterteig&#8230; die etwas l\u00e4ngere Version (Sue Su)\"><\/a><h3 class=\"rpwe-title\"><a href=\"http:\/\/cbeau-cbon.de\/?p=662\" title=\"Permalink to Bl\u00e4tterteig&#8230; die etwas l\u00e4ngere Version (Sue Su)\" rel=\"bookmark\">Bl\u00e4tterteig&#8230; die etwas l\u00e4ngere Version (Sue Su)<\/a><\/h3><div class=\"rpwe-summary\">Tja&#8230;.leider habe ich die Wunderbare Zeit der &#8222;Galettes des Rois&#8220; &hellip;<\/div><\/li><li class=\"rpwe-li rpwe-clearfix\"><a class=\"rpwe-img\" href=\"http:\/\/cbeau-cbon.de\/?p=320\"  rel=\"bookmark\"><img class=\"rpwe-alignleft rpwe-thumb\" src=\"http:\/\/cbeau-cbon.de\/wp-content\/uploads\/2015\/05\/\u00c9clairs-N\u00b088-_-foodstyling-\u00a9-Carolin-Marboeuf-_-foodfotografie-\u00a9-Vivi-DAngelo-201-150x150.jpg\" alt=\"Brandteig\"><\/a><h3 class=\"rpwe-title\"><a href=\"http:\/\/cbeau-cbon.de\/?p=320\" title=\"Permalink to Brandteig\" rel=\"bookmark\">Brandteig<\/a><\/h3><div class=\"rpwe-summary\">Zutaten: 80 g Wasser 80 g\u00a0halbfett Milch (1,5%) 80 g &hellip;<\/div><\/li><li class=\"rpwe-li rpwe-clearfix\"><a class=\"rpwe-img\" href=\"http:\/\/cbeau-cbon.de\/?p=29\"  rel=\"bookmark\"><img class=\"rpwe-alignleft rpwe-thumb\" src=\"http:\/\/cbeau-cbon.de\/wp-content\/uploads\/2015\/01\/Caneles-150x150.jpg\" alt=\"Canel\u00e9s\"><\/a><h3 class=\"rpwe-title\"><a href=\"http:\/\/cbeau-cbon.de\/?p=29\" title=\"Permalink to Canel\u00e9s\" rel=\"bookmark\">Canel\u00e9s<\/a><\/h3><div class=\"rpwe-summary\">Canel\u00e9s sind au\u00dfen ein wenig karamellig und innen weich. Die &hellip;<\/div><\/li><li class=\"rpwe-li rpwe-clearfix\"><a class=\"rpwe-img\" href=\"http:\/\/cbeau-cbon.de\/?recipe=cassis-sorbet\"  rel=\"bookmark\"><img class=\"rpwe-alignleft rpwe-thumb\" src=\"http:\/\/cbeau-cbon.de\/wp-content\/uploads\/2017\/05\/SorbetCassis-1-von-1-150x150.jpg\" alt=\"Cassis Sorbet\"><\/a><h3 class=\"rpwe-title\"><a href=\"http:\/\/cbeau-cbon.de\/?recipe=cassis-sorbet\" title=\"Permalink to Cassis Sorbet\" rel=\"bookmark\">Cassis Sorbet<\/a><\/h3><div class=\"rpwe-summary\">&#8230;.oder eben Sorbet von der schwarzen Johannisbeere&#8230; Eigentlich wollte ich &hellip;<\/div><\/li><li class=\"rpwe-li rpwe-clearfix\"><a class=\"rpwe-img\" href=\"http:\/\/cbeau-cbon.de\/?p=145\"  rel=\"bookmark\"><img class=\"rpwe-alignleft rpwe-thumb\" src=\"http:\/\/cbeau-cbon.de\/wp-content\/uploads\/2015\/01\/IMG_0399-150x150.jpg\" alt=\"Cr\u00e8me Anglaise (Eier-Milch-Creme)\"><\/a><h3 class=\"rpwe-title\"><a href=\"http:\/\/cbeau-cbon.de\/?p=145\" title=\"Permalink to Cr\u00e8me Anglaise (Eier-Milch-Creme)\" rel=\"bookmark\">Cr\u00e8me Anglaise (Eier-Milch-Creme)<\/a><\/h3><div class=\"rpwe-summary\">Zutaten: \u00a060 ml Milch 110 g Sahne 10 g Zucker &hellip;<\/div><\/li><li class=\"rpwe-li rpwe-clearfix\"><a class=\"rpwe-img\" href=\"http:\/\/cbeau-cbon.de\/?p=143\"  rel=\"bookmark\"><img class=\"rpwe-alignleft rpwe-thumb\" src=\"http:\/\/cbeau-cbon.de\/wp-content\/uploads\/2015\/04\/IMG_0325-150x150.jpg\" alt=\"Cr\u00e8me Patissi\u00e8re\"><\/a><h3 class=\"rpwe-title\"><a href=\"http:\/\/cbeau-cbon.de\/?p=143\" title=\"Permalink to Cr\u00e8me Patissi\u00e8re\" rel=\"bookmark\">Cr\u00e8me Patissi\u00e8re<\/a><\/h3><div class=\"rpwe-summary\">Diese Cr\u00e8me eignet sich als Basis f\u00fcr viele P\u00e2tissierien, vom &hellip;<\/div><\/li><li class=\"rpwe-li rpwe-clearfix\"><a class=\"rpwe-img\" href=\"http:\/\/cbeau-cbon.de\/?recipe=cremet-nantais-oder-engelswoelkchen\"  rel=\"bookmark\"><img class=\"rpwe-alignleft rpwe-thumb\" src=\"http:\/\/cbeau-cbon.de\/wp-content\/uploads\/2017\/03\/CremetNantais-1-von-1-150x150.jpg\" alt=\"Cr\u00e9met Nantais oder Engelsw\u00f6lkchen\"><\/a><h3 class=\"rpwe-title\"><a href=\"http:\/\/cbeau-cbon.de\/?recipe=cremet-nantais-oder-engelswoelkchen\" title=\"Permalink to Cr\u00e9met Nantais oder Engelsw\u00f6lkchen\" rel=\"bookmark\">Cr\u00e9met Nantais oder Engelsw\u00f6lkchen<\/a><\/h3><div class=\"rpwe-summary\">Engelsw\u00f6lkchen ist an dieser Stelle frei erfunden. Allerdings l\u00e4sst mich &hellip;<\/div><\/li><li class=\"rpwe-li rpwe-clearfix\"><a class=\"rpwe-img\" href=\"http:\/\/cbeau-cbon.de\/?p=323\"  rel=\"bookmark\"><img class=\"rpwe-alignleft rpwe-thumb\" src=\"http:\/\/cbeau-cbon.de\/wp-content\/uploads\/2015\/05\/banner-eclairs-2-150x150.jpg\" alt=\"Eclair N\u00b0 88 Vanille-Fleur d\u2019Oranger et Fruits Acidul\u00e9s (Christophe Adam, Fou de P\u00e2tisserie #5)\"><\/a><h3 class=\"rpwe-title\"><a href=\"http:\/\/cbeau-cbon.de\/?p=323\" title=\"Permalink to Eclair N\u00b0 88 Vanille-Fleur d\u2019Oranger et Fruits Acidul\u00e9s (Christophe Adam, Fou de P\u00e2tisserie #5)\" rel=\"bookmark\">Eclair N\u00b0 88 Vanille-Fleur d\u2019Oranger et Fruits Acidul\u00e9s (Christophe Adam, Fou de P\u00e2tisserie #5)<\/a><\/h3><div class=\"rpwe-summary\">Es war so ein toller Tag mit Vivi. &nbsp; Vivi &hellip;<\/div><\/li><li class=\"rpwe-li rpwe-clearfix\"><a class=\"rpwe-img\" href=\"http:\/\/cbeau-cbon.de\/?recipe=entremet-himbeere-und-pistazie-lm-la-patisserie\"  rel=\"bookmark\"><img class=\"rpwe-alignleft rpwe-thumb\" src=\"http:\/\/cbeau-cbon.de\/wp-content\/uploads\/2017\/04\/Entremet-Framboise-1-von-1-150x150.jpg\" alt=\"Entremet Himbeere und Pistazie (LM la P\u00e2tisserie)\"><\/a><h3 class=\"rpwe-title\"><a href=\"http:\/\/cbeau-cbon.de\/?recipe=entremet-himbeere-und-pistazie-lm-la-patisserie\" title=\"Permalink to Entremet Himbeere und Pistazie (LM la P\u00e2tisserie)\" rel=\"bookmark\">Entremet Himbeere und Pistazie (LM la P\u00e2tisserie)<\/a><\/h3><div class=\"rpwe-summary\">Es ist schon lange her, dass ich das Thema Entremet &hellip;<\/div><\/li><li class=\"rpwe-li rpwe-clearfix\"><a class=\"rpwe-img\" href=\"http:\/\/cbeau-cbon.de\/?p=761\"  rel=\"bookmark\"><img class=\"rpwe-alignleft rpwe-thumb\" src=\"http:\/\/cbeau-cbon.de\/wp-content\/uploads\/2017\/02\/EntremetCassis-1-von-1-150x150.jpg\" alt=\"Entremet Schwarze Johannisbeere\"><\/a><h3 class=\"rpwe-title\"><a href=\"http:\/\/cbeau-cbon.de\/?p=761\" title=\"Permalink to Entremet Schwarze Johannisbeere\" rel=\"bookmark\">Entremet Schwarze Johannisbeere<\/a><\/h3><div class=\"rpwe-summary\">Es beginnt nun meine Phase &#8222;Entremet&#8220;. Davor hatte ich mich &hellip;<\/div><\/li><li class=\"rpwe-li rpwe-clearfix\"><a class=\"rpwe-img\" href=\"http:\/\/cbeau-cbon.de\/?recipe=entremet-velour\"  rel=\"bookmark\"><img class=\"rpwe-alignleft rpwe-thumb\" src=\"http:\/\/cbeau-cbon.de\/wp-content\/uploads\/2017\/03\/EntremetVelours-1-von-1-150x150.jpg\" alt=\"Entremet Velour\"><\/a><h3 class=\"rpwe-title\"><a href=\"http:\/\/cbeau-cbon.de\/?recipe=entremet-velour\" title=\"Permalink to Entremet Velour\" rel=\"bookmark\">Entremet Velour<\/a><\/h3><div class=\"rpwe-summary\">Es ist nicht nur sch\u00f6n, sondern auch lecker&#8230;yeahhh&#8230;. Dieses Entremet &hellip;<\/div><\/li><li class=\"rpwe-li rpwe-clearfix\"><a class=\"rpwe-img\" href=\"http:\/\/cbeau-cbon.de\/?p=130\"  rel=\"bookmark\"><img class=\"rpwe-alignleft rpwe-thumb\" src=\"http:\/\/cbeau-cbon.de\/wp-content\/uploads\/2015\/04\/IMG_0357-150x150.jpg\" alt=\"Erdbeertarte \u2013 Tarte aux Fraises\"><\/a><h3 class=\"rpwe-title\"><a href=\"http:\/\/cbeau-cbon.de\/?p=130\" title=\"Permalink to Erdbeertarte \u2013 Tarte aux Fraises\" rel=\"bookmark\">Erdbeertarte \u2013 Tarte aux Fraises<\/a><\/h3><div class=\"rpwe-summary\">Yeaaaahhh sie sind wieder da\u2026die Erdbeeren. Sie schmecken wieder und &hellip;<\/div><\/li><li class=\"rpwe-li rpwe-clearfix\"><a class=\"rpwe-img\" href=\"http:\/\/cbeau-cbon.de\/?p=506\"  rel=\"bookmark\"><img class=\"rpwe-alignleft rpwe-thumb\" src=\"http:\/\/cbeau-cbon.de\/wp-content\/uploads\/2016\/02\/Financier-150x150.jpg\" alt=\"Financiers (Jean-Paul H\u00e9vin)\"><\/a><h3 class=\"rpwe-title\"><a href=\"http:\/\/cbeau-cbon.de\/?p=506\" title=\"Permalink to Financiers (Jean-Paul H\u00e9vin)\" rel=\"bookmark\">Financiers (Jean-Paul H\u00e9vin)<\/a><\/h3><div class=\"rpwe-summary\">Ohje, nun ist es schon viel zu lange her, dass &hellip;<\/div><\/li><li class=\"rpwe-li rpwe-clearfix\"><a class=\"rpwe-img\" href=\"http:\/\/cbeau-cbon.de\/?p=614\"  rel=\"bookmark\"><img class=\"rpwe-alignleft rpwe-thumb\" src=\"http:\/\/cbeau-cbon.de\/wp-content\/uploads\/2017\/01\/Flan-1-von-1-150x150.jpg\" alt=\"Flan (Michalak)\"><\/a><h3 class=\"rpwe-title\"><a href=\"http:\/\/cbeau-cbon.de\/?p=614\" title=\"Permalink to Flan (Michalak)\" rel=\"bookmark\">Flan (Michalak)<\/a><\/h3><div class=\"rpwe-summary\">Leider kommen die sch\u00f6nen Dinge im Leben oft zu kurz. &hellip;<\/div><\/li><li class=\"rpwe-li rpwe-clearfix\"><a class=\"rpwe-img\" href=\"http:\/\/cbeau-cbon.de\/?recipe=gateau-basque\"  rel=\"bookmark\"><img class=\"rpwe-alignleft rpwe-thumb\" src=\"http:\/\/cbeau-cbon.de\/wp-content\/uploads\/2017\/04\/GateauBasque-1-von-1-150x150.jpg\" alt=\"G\u00e2teau Basque\"><\/a><h3 class=\"rpwe-title\"><a href=\"http:\/\/cbeau-cbon.de\/?recipe=gateau-basque\" title=\"Permalink to G\u00e2teau Basque\" rel=\"bookmark\">G\u00e2teau Basque<\/a><\/h3><div class=\"rpwe-summary\">Ich hatte schon oft vom G\u00e2teau Basque geh\u00f6rt. Der Kuchen &hellip;<\/div><\/li><li class=\"rpwe-li rpwe-clearfix\"><a class=\"rpwe-img\" href=\"http:\/\/cbeau-cbon.de\/?p=443\"  rel=\"bookmark\"><img class=\"rpwe-alignleft rpwe-thumb\" src=\"http:\/\/cbeau-cbon.de\/wp-content\/uploads\/2015\/11\/IMG_2015-150x150.jpg\" alt=\"Gl\u00fchweinbirnen-Tarte (Pierre Mathieu) mit Gl\u00fchweineis\"><\/a><h3 class=\"rpwe-title\"><a href=\"http:\/\/cbeau-cbon.de\/?p=443\" title=\"Permalink to Gl\u00fchweinbirnen-Tarte (Pierre Mathieu) mit Gl\u00fchweineis\" rel=\"bookmark\">Gl\u00fchweinbirnen-Tarte (Pierre Mathieu) mit Gl\u00fchweineis<\/a><\/h3><div class=\"rpwe-summary\">Heute w\u00fcnsche ich einen wundersch\u00f6nen ersten Advent!! Und weil Weihnachten &hellip;<\/div><\/li><li class=\"rpwe-li rpwe-clearfix\"><a class=\"rpwe-img\" href=\"http:\/\/cbeau-cbon.de\/?p=166\"  rel=\"bookmark\"><img class=\"rpwe-alignleft rpwe-thumb\" src=\"http:\/\/cbeau-cbon.de\/wp-content\/uploads\/2015\/04\/IMG_0207-150x150.jpg\" alt=\"Granit\u00e9 Yuzu (Michalak)\"><\/a><h3 class=\"rpwe-title\"><a href=\"http:\/\/cbeau-cbon.de\/?p=166\" title=\"Permalink to Granit\u00e9 Yuzu (Michalak)\" rel=\"bookmark\">Granit\u00e9 Yuzu (Michalak)<\/a><\/h3><div class=\"rpwe-summary\">Noch ein tolles, sehr einfaches Rezept, welches ich im Kurs &hellip;<\/div><\/li><li class=\"rpwe-li rpwe-clearfix\"><a class=\"rpwe-img\" href=\"http:\/\/cbeau-cbon.de\/?p=54\"  rel=\"bookmark\"><img class=\"rpwe-alignleft rpwe-thumb\" src=\"http:\/\/cbeau-cbon.de\/wp-content\/uploads\/2015\/04\/Kugel_Hibiskus-150x150.jpg\" alt=\"Kugel &#8211; Mousse vom Hibiskus mit einem Herz aus wei\u00dfer Schokolade (Virginie Basselot)\"><\/a><h3 class=\"rpwe-title\"><a href=\"http:\/\/cbeau-cbon.de\/?p=54\" title=\"Permalink to Kugel &#8211; Mousse vom Hibiskus mit einem Herz aus wei\u00dfer Schokolade (Virginie Basselot)\" rel=\"bookmark\">Kugel &#8211; Mousse vom Hibiskus mit einem Herz aus wei\u00dfer Schokolade (Virginie Basselot)<\/a><\/h3><div class=\"rpwe-summary\">Dieses Rezept wollte ich schon ausprobieren, seit ich die zweite &hellip;<\/div><\/li><li class=\"rpwe-li rpwe-clearfix\"><a class=\"rpwe-img\" href=\"http:\/\/cbeau-cbon.de\/?p=412\"  rel=\"bookmark\"><img class=\"rpwe-alignleft rpwe-thumb\" src=\"http:\/\/cbeau-cbon.de\/wp-content\/uploads\/2015\/11\/IMG_1908-150x150.jpg\" alt=\"La b\u00fbche tr\u00e9s tr\u00e9s vanille (Thierry Mulhaupt)\"><\/a><h3 class=\"rpwe-title\"><a href=\"http:\/\/cbeau-cbon.de\/?p=412\" title=\"Permalink to La b\u00fbche tr\u00e9s tr\u00e9s vanille (Thierry Mulhaupt)\" rel=\"bookmark\">La b\u00fbche tr\u00e9s tr\u00e9s vanille (Thierry Mulhaupt)<\/a><\/h3><div class=\"rpwe-summary\">F\u00fcr 8 Personen Biskuitteig (G\u00e9noise) zum \u201eRollen\u201c 150g Vollei (ca. &hellip;<\/div><\/li><li class=\"rpwe-li rpwe-clearfix\"><a class=\"rpwe-img\" href=\"http:\/\/cbeau-cbon.de\/?p=374\"  rel=\"bookmark\"><img class=\"rpwe-alignleft rpwe-thumb\" src=\"http:\/\/cbeau-cbon.de\/wp-content\/uploads\/2015\/07\/Paris-Brest-Titel-150x150.jpg\" alt=\"Le Paris-Brest von Philippe Conticini\"><\/a><h3 class=\"rpwe-title\"><a href=\"http:\/\/cbeau-cbon.de\/?p=374\" title=\"Permalink to Le Paris-Brest von Philippe Conticini\" rel=\"bookmark\">Le Paris-Brest von Philippe Conticini<\/a><\/h3><div class=\"rpwe-summary\">Eigentlich habe ich im Sommer weniger Lust auf Patisserien mit &hellip;<\/div><\/li><li class=\"rpwe-li rpwe-clearfix\"><a class=\"rpwe-img\" href=\"http:\/\/cbeau-cbon.de\/?p=399\"  rel=\"bookmark\"><img class=\"rpwe-alignleft rpwe-thumb\" src=\"http:\/\/cbeau-cbon.de\/wp-content\/uploads\/2015\/10\/Madeleine_Titel-150x150.jpg\" alt=\"Madeleines (Len\u00f4tre)\"><\/a><h3 class=\"rpwe-title\"><a href=\"http:\/\/cbeau-cbon.de\/?p=399\" title=\"Permalink to Madeleines (Len\u00f4tre)\" rel=\"bookmark\">Madeleines (Len\u00f4tre)<\/a><\/h3><div class=\"rpwe-summary\">Nach einer sehr langen Pause trau ich mich heute an &hellip;<\/div><\/li><li class=\"rpwe-li rpwe-clearfix\"><a class=\"rpwe-img\" href=\"http:\/\/cbeau-cbon.de\/?p=171\"  rel=\"bookmark\"><img class=\"rpwe-alignleft rpwe-thumb\" src=\"http:\/\/cbeau-cbon.de\/wp-content\/uploads\/2015\/04\/IMG_2880-150x150.jpg\" alt=\"Mille feuille Vanille et Caramel, das Echte (Michalak)\"><\/a><h3 class=\"rpwe-title\"><a href=\"http:\/\/cbeau-cbon.de\/?p=171\" title=\"Permalink to Mille feuille Vanille et Caramel, das Echte (Michalak)\" rel=\"bookmark\">Mille feuille Vanille et Caramel, das Echte (Michalak)<\/a><\/h3><div class=\"rpwe-summary\">&nbsp; Dieses Rezept aus der MICHALAK MASTERCLASS habe ich auch &hellip;<\/div><\/li><li class=\"rpwe-li rpwe-clearfix\"><a class=\"rpwe-img\" href=\"http:\/\/cbeau-cbon.de\/?p=585\"  rel=\"bookmark\"><img class=\"rpwe-alignleft rpwe-thumb\" src=\"http:\/\/cbeau-cbon.de\/wp-content\/uploads\/2016\/06\/Mont-Blanc-1-1-150x150.jpg\" alt=\"Monts-blancs (Camille Lescoffier)\"><\/a><h3 class=\"rpwe-title\"><a href=\"http:\/\/cbeau-cbon.de\/?p=585\" title=\"Permalink to Monts-blancs (Camille Lescoffier)\" rel=\"bookmark\">Monts-blancs (Camille Lescoffier)<\/a><\/h3><div class=\"rpwe-summary\">Maronen sind ja eher was f\u00fcr die Winterzeit. Aber nachdem &hellip;<\/div><\/li><li class=\"rpwe-li rpwe-clearfix\"><a class=\"rpwe-img\" href=\"http:\/\/cbeau-cbon.de\/?p=1\"  rel=\"bookmark\"><img class=\"rpwe-alignleft rpwe-thumb\" src=\"http:\/\/cbeau-cbon.de\/wp-content\/uploads\/2014\/11\/Pate-de-fruit-150x150.jpg\" alt=\"P\u00e2te de fruits oder Frucht-Gelee-Bonbons\"><\/a><h3 class=\"rpwe-title\"><a href=\"http:\/\/cbeau-cbon.de\/?p=1\" title=\"Permalink to P\u00e2te de fruits oder Frucht-Gelee-Bonbons\" rel=\"bookmark\">P\u00e2te de fruits oder Frucht-Gelee-Bonbons<\/a><\/h3><div class=\"rpwe-summary\">F\u00fcr dieses Rezept habe ich wieder viele hilfreiche Tipps auf &hellip;<\/div><\/li><li class=\"rpwe-li rpwe-clearfix\"><a class=\"rpwe-img\" href=\"http:\/\/cbeau-cbon.de\/?recipe=pistazienpaste-pierre-herme\"  rel=\"bookmark\"><img class=\"rpwe-alignleft rpwe-thumb\" src=\"http:\/\/cbeau-cbon.de\/wp-content\/uploads\/2017\/03\/Pate_pistache-1-von-1-150x150.jpg\" alt=\"Pistazienpaste (Pierre Herm\u00e9)\"><\/a><h3 class=\"rpwe-title\"><a href=\"http:\/\/cbeau-cbon.de\/?recipe=pistazienpaste-pierre-herme\" title=\"Permalink to Pistazienpaste (Pierre Herm\u00e9)\" rel=\"bookmark\">Pistazienpaste (Pierre Herm\u00e9)<\/a><\/h3><div class=\"rpwe-summary\">Hach ich liebe Pistazien. Mit Pistazienpaste kann man ziemlich viel &hellip;<\/div><\/li><li class=\"rpwe-li rpwe-clearfix\"><a class=\"rpwe-img\" href=\"http:\/\/cbeau-cbon.de\/?p=241\"  rel=\"bookmark\"><img class=\"rpwe-alignleft rpwe-thumb\" src=\"http:\/\/cbeau-cbon.de\/wp-content\/uploads\/2015\/04\/IMG_0417-150x150.jpg\" alt=\"Tarte au citron &#8211; Zitronentarte\"><\/a><h3 class=\"rpwe-title\"><a href=\"http:\/\/cbeau-cbon.de\/?p=241\" title=\"Permalink to Tarte au citron &#8211; Zitronentarte\" rel=\"bookmark\">Tarte au citron &#8211; Zitronentarte<\/a><\/h3><div class=\"rpwe-summary\">Heute hatte ich Lust auf zitronig\u2026 Ich habe schon ein &hellip;<\/div><\/li><li class=\"rpwe-li rpwe-clearfix\"><a class=\"rpwe-img\" href=\"http:\/\/cbeau-cbon.de\/?p=601\"  rel=\"bookmark\"><img class=\"rpwe-alignleft rpwe-thumb\" src=\"http:\/\/cbeau-cbon.de\/wp-content\/uploads\/2016\/07\/TarteTatinAprikose-1-von-1-150x150.jpg\" alt=\"Tarte Tatin Aprikose Rosmarin\"><\/a><h3 class=\"rpwe-title\"><a href=\"http:\/\/cbeau-cbon.de\/?p=601\" title=\"Permalink to Tarte Tatin Aprikose Rosmarin\" rel=\"bookmark\">Tarte Tatin Aprikose Rosmarin<\/a><\/h3><div class=\"rpwe-summary\">So ganz will sich das Sommergef\u00fchl bei mir nicht einstellen, &hellip;<\/div><\/li><li class=\"rpwe-li rpwe-clearfix\"><a class=\"rpwe-img\" href=\"http:\/\/cbeau-cbon.de\/?recipe=vacherin-cyril-lignac\"  rel=\"bookmark\"><img class=\"rpwe-alignleft rpwe-thumb\" src=\"http:\/\/cbeau-cbon.de\/wp-content\/uploads\/2017\/04\/Vacherin-1-von-1-150x150.jpg\" alt=\"Vacherin (Cyril Lignac)\"><\/a><h3 class=\"rpwe-title\"><a href=\"http:\/\/cbeau-cbon.de\/?recipe=vacherin-cyril-lignac\" title=\"Permalink to Vacherin (Cyril Lignac)\" rel=\"bookmark\">Vacherin (Cyril Lignac)<\/a><\/h3><div class=\"rpwe-summary\">Schon im vergangenen Jahr hatte ich in der Sendung &#8222;Le &hellip;<\/div><\/li><\/ul><\/div><!-- Generated by http:\/\/wordpress.org\/plugins\/recent-posts-widget-extended\/ --><\/div><!-- \/Widget Shortcode -->\n<div class=\"twoclick_social_bookmarks_post_854 social_share_privacy clearfix 1.6.4 locale-de_DE sprite-de_DE\"><\/div><div class=\"twoclick-js\"><script type=\"text\/javascript\">\/* <![CDATA[ *\/\njQuery(document).ready(function($){if($('.twoclick_social_bookmarks_post_854')){$('.twoclick_social_bookmarks_post_854').socialSharePrivacy({\"services\":{\"facebook\":{\"status\":\"on\",\"txt_info\":\"2 Klicks f\\u00fcr mehr Datenschutz: Erst wenn Sie hier klicken, wird der Button aktiv und Sie k\\u00f6nnen Ihre Empfehlung an Facebook senden. Schon beim Aktivieren werden Daten an Dritte \\u00fcbertragen - siehe <em>i<\\\/em>.\",\"perma_option\":\"off\",\"action\":\"recommend\",\"language\":\"de_DE\"},\"twitter\":{\"reply_to\":\"\",\"tweet_text\":\"%20Vacherin%20%28Cyril%20Lignac%29%20%C2%BB%20Cbeau-Cbon%20%23Baiser%20%23Eis%20%23Himbeeren%20%23Meringue%20...\",\"status\":\"on\",\"txt_info\":\"2 Klicks f\\u00fcr mehr Datenschutz: Erst wenn Sie hier klicken, wird der Button aktiv und Sie k\\u00f6nnen Ihre Empfehlung an Twitter senden. Schon beim Aktivieren werden Daten an Dritte \\u00fcbertragen - siehe <em>i<\\\/em>.\",\"perma_option\":\"off\",\"language\":\"de\",\"referrer_track\":\"\"},\"gplus\":{\"status\":\"on\",\"txt_info\":\"2 Klicks f\\u00fcr mehr Datenschutz: Erst wenn Sie hier klicken, wird der Button aktiv und Sie k\\u00f6nnen Ihre Empfehlung an Google+ senden. Schon beim Aktivieren werden Daten an Dritte \\u00fcbertragen - siehe <em>i<\\\/em>.\",\"perma_option\":\"off\",\"referrer_track\":\"\"},\"pinterest\":{\"status\":\"on\",\"the_excerpt\":\"Vacherin (Cyril Lignac)\",\"txt_info\":\"2 Klicks f\\u00fcr mehr Datenschutz: Erst wenn Sie hier klicken, wird der Button aktiv und Sie k\\u00f6nnen Ihre Empfehlung an Pinterest senden. Schon beim Aktivieren werden Daten an Dritte \\u00fcbertragen - siehe <em>i<\\\/em>.\",\"perma_option\":\"off\",\"media\":\"http:\\\/\\\/cbeau-cbon.de\\\/wp-content\\\/uploads\\\/2017\\\/04\\\/Vacherin-1-von-1.jpg\"}},\"txt_help\":\"Wenn Sie diese Felder durch einen Klick aktivieren, werden Informationen an Facebook, Twitter, Flattr, Xing, t3n, LinkedIn, Pinterest oder Google eventuell ins Ausland \\u00fcbertragen und unter Umst\\u00e4nden auch dort gespeichert. N\\u00e4heres erfahren Sie durch einen Klick auf das <em>i<\\\/em>.\",\"settings_perma\":\"Dauerhaft aktivieren und Daten\\u00fcber-tragung zustimmen:\",\"info_link\":\"http:\\\/\\\/www.heise.de\\\/ct\\\/artikel\\\/2-Klicks-fuer-mehr-Datenschutz-1333879.html\",\"uri\":\"http:\\\/\\\/cbeau-cbon.de\\\/?recipe=vacherin-cyril-lignac\",\"post_id\":854,\"post_title_referrer_track\":\"Vacherin+%28Cyril+Lignac%29\",\"display_infobox\":\"on\"});}});\n\/* ]]> *\/<\/script><\/div>","protected":false},"excerpt":{"rendered":"<p>Vacherin (Cyril Lignac) Rezept drucken Vacherin (Cyril Lignac) Rezept drucken Zutaten Baiser (Meringue) 100 g Eiwei\u00df 100 g Zucker 100 g Puderzucker gesiebt rote Lebensmittelfarbe als Puder Quarksorbet 133 g Wasser 133 g Zucker 333 g Quark 40%; mit Joghurt geht es auch Vanille-Sahne 250 g Sahne 38 g Puderzucker 2 Stck. Vanilleschoten Himbeercreme 84 g Himbeerp\u00fcree oder frische Himbeeren 235 g Sahne 63 g Zucker 118 g Mascarpone Himbeergelee mit gr\u00fcnem Anis 279 g Himbeerp\u00fcree 58 g Zucker 5 g Pektin 26 g Zucker 5 g Anis nicht den Sternanis, sondern die kleinen K\u00f6rnchen 26 g Zitronensaft Dekor einige frische Himbeeren Portionen: Anleitungen Das Eiwei\u00df aufschlagen und wenn es schon sch\u00f6n schaumig ist, den Zucker hinzugeben. Weiter schlagen, bis das Eiwei\u00df steif geschlagen ist. Man sagt im Franz\u00f6sischen, dass das Eiwei\u00df einen &#8222;Vogelschnabel&#8220; bilden muss, um ausreichend fest zu sein. Den gesiebten Puderzucker mit der Hand unterr\u00fchren (so wird das Baiser ganz gl\u00e4nzend). Die Masse in drei Teile aufteilen. Davon einen Teil rosa einf\u00e4rben, einen zweiten Teil in Rot. Den Rest einfach ungef\u00e4rbt belassen. &hellip;<\/p>\n","protected":false},"author":1,"featured_media":0,"parent":0,"menu_order":0,"comment_status":"closed","ping_status":"closed","template":"","meta":{"spay_email":""},"jetpack_sharing_enabled":false,"jetpack_shortlink":"https:\/\/wp.me\/P5ERyb-17","_links":{"self":[{"href":"http:\/\/cbeau-cbon.de\/index.php?rest_route=\/wp\/v2\/pages\/69"}],"collection":[{"href":"http:\/\/cbeau-cbon.de\/index.php?rest_route=\/wp\/v2\/pages"}],"about":[{"href":"http:\/\/cbeau-cbon.de\/index.php?rest_route=\/wp\/v2\/types\/page"}],"author":[{"embeddable":true,"href":"http:\/\/cbeau-cbon.de\/index.php?rest_route=\/wp\/v2\/users\/1"}],"replies":[{"embeddable":true,"href":"http:\/\/cbeau-cbon.de\/index.php?rest_route=%2Fwp%2Fv2%2Fcomments&post=69"}],"version-history":[{"count":27,"href":"http:\/\/cbeau-cbon.de\/index.php?rest_route=\/wp\/v2\/pages\/69\/revisions"}],"predecessor-version":[{"id":754,"href":"http:\/\/cbeau-cbon.de\/index.php?rest_route=\/wp\/v2\/pages\/69\/revisions\/754"}],"wp:attachment":[{"href":"http:\/\/cbeau-cbon.de\/index.php?rest_route=%2Fwp%2Fv2%2Fmedia&parent=69"}],"curies":[{"name":"wp","href":"https:\/\/api.w.org\/{rel}","templated":true}]}}