{"id":140,"date":"2015-04-01T15:18:58","date_gmt":"2015-04-01T15:18:58","guid":{"rendered":"http:\/\/cbeau-cbon.de\/?page_id=140"},"modified":"2017-03-12T20:59:43","modified_gmt":"2017-03-12T20:59:43","slug":"grundrezepte","status":"publish","type":"page","link":"http:\/\/cbeau-cbon.de\/?page_id=140","title":{"rendered":"Grundrezepte"},"content":{"rendered":"<p>&nbsp;<\/p>\n<ul>\n<li><a href=\"http:\/\/cbeau-cbon.de\/?p=735\">Apfelgelee<\/a><\/li>\n<li><a href=\"http:\/\/cbeau-cbon.de\/?gmc_recipe=blaetterteig-die-etwas-laengere-version-sue-su\">Bl\u00e4tterteig&#8230;die etwas l\u00e4ngere Version (Sue Su)<\/a><\/li>\n<li><a title=\"Brandteig\" href=\"http:\/\/cbeau-cbon.de\/?p=320\">Brandteig<\/a><\/li>\n<li><a title=\"Cr\u00e8me Anglaise (Eier-Milch-Creme)\" href=\"http:\/\/cbeau-cbon.de\/?p=145\">Cr\u00e8me Anglaise (Eier-Milch-Creme)<\/a><\/li>\n<li><a title=\"Cr\u00e8me Patissi\u00e8re\" href=\"http:\/\/cbeau-cbon.de\/?p=143\">Cr\u00e8me Patissi\u00e8re<\/a><\/li>\n<li><a href=\"http:\/\/cbeau-cbon.de\/?gmc_recipe=meringue\">Meringue<\/a><\/li>\n<li><a href=\"http:\/\/cbeau-cbon.de\/?recipe=pistazienpaste-pierre-herme\">Pistazienpaste (Pierre Herm\u00e9)<\/a><\/li>\n<li><a href=\"http:\/\/cbeau-cbon.de\/?p=377\">Pralin\u00e9<\/a><\/li>\n<\/ul>\n<p>&nbsp;<\/p>\n<p>&nbsp;<\/p>\n<div class=\"twoclick_social_bookmarks_post_140 social_share_privacy clearfix 1.6.4 locale-de_DE sprite-de_DE\"><\/div><div class=\"twoclick-js\"><script type=\"text\/javascript\">\/* <![CDATA[ *\/\njQuery(document).ready(function($){if($('.twoclick_social_bookmarks_post_140')){$('.twoclick_social_bookmarks_post_140').socialSharePrivacy({\"services\":{\"facebook\":{\"status\":\"on\",\"txt_info\":\"2 Klicks f\\u00fcr mehr Datenschutz: Erst wenn Sie hier klicken, wird der Button aktiv und Sie k\\u00f6nnen Ihre Empfehlung an Facebook senden. Schon beim Aktivieren werden Daten an Dritte \\u00fcbertragen - siehe <em>i<\\\/em>.\",\"perma_option\":\"off\",\"action\":\"recommend\",\"language\":\"de_DE\"},\"twitter\":{\"reply_to\":\"\",\"tweet_text\":\"Grundrezepte%20%C2%BB%20Cbeau-Cbon\",\"status\":\"on\",\"txt_info\":\"2 Klicks f\\u00fcr mehr Datenschutz: Erst wenn Sie hier klicken, wird der Button aktiv und Sie k\\u00f6nnen Ihre Empfehlung an Twitter senden. Schon beim Aktivieren werden Daten an Dritte \\u00fcbertragen - siehe <em>i<\\\/em>.\",\"perma_option\":\"off\",\"language\":\"de\",\"referrer_track\":\"\"},\"gplus\":{\"status\":\"on\",\"txt_info\":\"2 Klicks f\\u00fcr mehr Datenschutz: Erst wenn Sie hier klicken, wird der Button aktiv und Sie k\\u00f6nnen Ihre Empfehlung an Google+ senden. Schon beim Aktivieren werden Daten an Dritte \\u00fcbertragen - siehe <em>i<\\\/em>.\",\"perma_option\":\"off\",\"referrer_track\":\"\"}},\"txt_help\":\"Wenn Sie diese Felder durch einen Klick aktivieren, werden Informationen an Facebook, Twitter, Flattr, Xing, t3n, LinkedIn, Pinterest oder Google eventuell ins Ausland \\u00fcbertragen und unter Umst\\u00e4nden auch dort gespeichert. N\\u00e4heres erfahren Sie durch einen Klick auf das <em>i<\\\/em>.\",\"settings_perma\":\"Dauerhaft aktivieren und Daten\\u00fcber-tragung zustimmen:\",\"info_link\":\"http:\\\/\\\/www.heise.de\\\/ct\\\/artikel\\\/2-Klicks-fuer-mehr-Datenschutz-1333879.html\",\"uri\":\"http:\\\/\\\/cbeau-cbon.de\\\/?page_id=140\",\"post_id\":140,\"post_title_referrer_track\":\"Grundrezepte\",\"display_infobox\":\"on\"});}});\n\/* ]]> *\/<\/script><\/div>","protected":false},"excerpt":{"rendered":"<p>&nbsp; Apfelgelee Bl\u00e4tterteig&#8230;die etwas l\u00e4ngere Version (Sue Su) Brandteig Cr\u00e8me Anglaise (Eier-Milch-Creme) Cr\u00e8me Patissi\u00e8re Meringue Pistazienpaste (Pierre Herm\u00e9) Pralin\u00e9 &nbsp; &nbsp;<\/p>\n","protected":false},"author":1,"featured_media":0,"parent":0,"menu_order":0,"comment_status":"closed","ping_status":"closed","template":"","meta":{"spay_email":""},"jetpack_sharing_enabled":true,"jetpack_shortlink":"https:\/\/wp.me\/P5ERyb-2g","_links":{"self":[{"href":"http:\/\/cbeau-cbon.de\/index.php?rest_route=\/wp\/v2\/pages\/140"}],"collection":[{"href":"http:\/\/cbeau-cbon.de\/index.php?rest_route=\/wp\/v2\/pages"}],"about":[{"href":"http:\/\/cbeau-cbon.de\/index.php?rest_route=\/wp\/v2\/types\/page"}],"author":[{"embeddable":true,"href":"http:\/\/cbeau-cbon.de\/index.php?rest_route=\/wp\/v2\/users\/1"}],"replies":[{"embeddable":true,"href":"http:\/\/cbeau-cbon.de\/index.php?rest_route=%2Fwp%2Fv2%2Fcomments&post=140"}],"version-history":[{"count":12,"href":"http:\/\/cbeau-cbon.de\/index.php?rest_route=\/wp\/v2\/pages\/140\/revisions"}],"predecessor-version":[{"id":832,"href":"http:\/\/cbeau-cbon.de\/index.php?rest_route=\/wp\/v2\/pages\/140\/revisions\/832"}],"wp:attachment":[{"href":"http:\/\/cbeau-cbon.de\/index.php?rest_route=%2Fwp%2Fv2%2Fmedia&parent=140"}],"curies":[{"name":"wp","href":"https:\/\/api.w.org\/{rel}","templated":true}]}}